{"id":7,"date":"2023-03-26T15:08:48","date_gmt":"2023-03-26T15:08:48","guid":{"rendered":"https:\/\/rendebjergvaenget.dk\/?page_id=7"},"modified":"2024-01-30T11:07:05","modified_gmt":"2024-01-30T11:07:05","slug":"forside","status":"publish","type":"page","link":"https:\/\/rendebjergvaenget.dk\/","title":{"rendered":"Forside"},"content":{"rendered":"\n<div class=\"wp-block-media-text alignwide is-stacked-on-mobile\" style=\"grid-template-columns:48% auto\"><figure class=\"wp-block-media-text__media\"><img loading=\"lazy\" decoding=\"async\" width=\"225\" height=\"300\" src=\"https:\/\/rendebjergvaenget.dk\/wp-content\/uploads\/2023\/03\/2022-10-31-12.34.09.web_-225x300.jpg\" alt=\"\" class=\"wp-image-104 size-medium\" srcset=\"https:\/\/rendebjergvaenget.dk\/wp-content\/uploads\/2023\/03\/2022-10-31-12.34.09.web_-225x300.jpg 225w, https:\/\/rendebjergvaenget.dk\/wp-content\/uploads\/2023\/03\/2022-10-31-12.34.09.web_.jpg 600w\" sizes=\"auto, (max-width: 225px) 100vw, 225px\" \/><\/figure><div class=\"wp-block-media-text__content\">\n<p style=\"font-size:16px\">Kold fjernvarme er <strong>en hybrid mellem fjernvarme og individuelle varmepumper<\/strong>. Det best\u00e5r af et energioptag f. eks. fra jordvarme (det kan v\u00e6re b\u00e5de horisontal eller vertikal jordvarme) og et ledningsnet af uisolerede plastr\u00f8r med brinev\u00e6ske \u2013 ogs\u00e5 kaldet thermonet.<br><\/p>\n\n\n\n<p><\/p>\n\n\n\n<p><\/p>\n<\/div><\/div>\n","protected":false},"excerpt":{"rendered":"<p>Kold fjernvarme er en hybrid mellem fjernvarme og individuelle varmepumper. Det best\u00e5r af et energioptag f. eks. fra jordvarme (det kan v\u00e6re b\u00e5de horisontal eller vertikal jordvarme) og et ledningsnet af uisolerede plastr\u00f8r med brinev\u00e6ske \u2013 ogs\u00e5 kaldet thermonet.<\/p>\n","protected":false},"author":2,"featured_media":0,"parent":0,"menu_order":0,"comment_status":"closed","ping_status":"closed","template":"","meta":{"footnotes":""},"class_list":["post-7","page","type-page","status-publish","hentry"],"_links":{"self":[{"href":"https:\/\/rendebjergvaenget.dk\/index.php\/wp-json\/wp\/v2\/pages\/7","targetHints":{"allow":["GET"]}}],"collection":[{"href":"https:\/\/rendebjergvaenget.dk\/index.php\/wp-json\/wp\/v2\/pages"}],"about":[{"href":"https:\/\/rendebjergvaenget.dk\/index.php\/wp-json\/wp\/v2\/types\/page"}],"author":[{"embeddable":true,"href":"https:\/\/rendebjergvaenget.dk\/index.php\/wp-json\/wp\/v2\/users\/2"}],"replies":[{"embeddable":true,"href":"https:\/\/rendebjergvaenget.dk\/index.php\/wp-json\/wp\/v2\/comments?post=7"}],"version-history":[{"count":12,"href":"https:\/\/rendebjergvaenget.dk\/index.php\/wp-json\/wp\/v2\/pages\/7\/revisions"}],"predecessor-version":[{"id":163,"href":"https:\/\/rendebjergvaenget.dk\/index.php\/wp-json\/wp\/v2\/pages\/7\/revisions\/163"}],"wp:attachment":[{"href":"https:\/\/rendebjergvaenget.dk\/index.php\/wp-json\/wp\/v2\/media?parent=7"}],"curies":[{"name":"wp","href":"https:\/\/api.w.org\/{rel}","templated":true}]}}