{"id":158,"date":"2023-03-29T10:16:46","date_gmt":"2023-03-29T10:16:46","guid":{"rendered":"https:\/\/rendebjergvaenget.dk\/?page_id=158"},"modified":"2023-03-29T10:16:46","modified_gmt":"2023-03-29T10:16:46","slug":"termonet-i-tune","status":"publish","type":"page","link":"https:\/\/rendebjergvaenget.dk\/index.php\/termonet-i-tune\/","title":{"rendered":"Termonet i Tune"},"content":{"rendered":"\n<h2 class=\"wp-block-heading\">L\u00f8sning p\u00e5 Rendebjergv\u00e6nget<\/h2>\n\n\n\n<p>51 boliger (25 r\u00e6kkehuse og 26 parcelhuse) er tilsluttet termonettet, der best\u00e5r af vandrette PE-r\u00f8r (3.600 stk., 40-125 mm.). Der er foretaget 6 lodrette jordvarmeboringer i 200 meters dybde. Hele r\u00f8rnettet er en lukket kreds, og er designet med afstand til \u00f8vrige r\u00f8r og ledninger i jorden, s\u00e5 frysning af vandledninger undg\u00e5s. Brinen er en blanding best\u00e5ende af 70% vand og 30% IPA-sprit.<\/p>\n\n\n\n<p>Der er en f\u00e6lles cirkulationspumpe i f\u00e6lles pumpestation, men hver enkelt husstand har sin egen varmepumpe, og den enkelte boligejer er ansvarlig for denne. Disse leverer rumopvarmning \u2013 der er ingen varmelagring og dermed ingen k\u00f8ling af husene. Varmt brugsvand leveres af en separat varmepumpe, der tager energi fra ventilationsluften.<\/p>\n\n\n\n<p>Varmepumperne er af typerne Nilan Compact P GEO Type \u201d3\u201d i r\u00e6kkehuse og type \u201d6\u201d i parcelhuse med ydelser p\u00e5 hhv. 3 og 6 kW. Sikkerhedsanordninger i form af ekspansionsbeholdere og sikkerhedsventiler er placeret i varmepumperne i de enkelte boliger.<\/p>\n\n\n\n<figure class=\"wp-block-image\"><img decoding=\"async\" src=\"https:\/\/termonet.dk\/wp-content\/uploads\/2021\/04\/image-3.png\" alt=\"\" class=\"wp-image-3380\"\/><figcaption class=\"wp-element-caption\">Tegning af layout af r\u00f8rnettet til skel. De 6 boringer er placeret nederst til venstre.<\/figcaption><\/figure>\n\n\n\n<h3 class=\"wp-block-heading\">\u00d8konomi<\/h3>\n\n\n\n<p>Anl\u00e6gget er endnu ikke i drift, hvorfor alle tal er budgettal og det \u00e5rlige varmeforbrug er estimeret. Med en oplyst effektivitet (SCOP) for varmepumperne p\u00e5 5,17 og en elpris p\u00e5 2,2 kr.\/kWh er omkostningen til el til varmepumpen beregnet. Der er i beregningerne ikke taget h\u00f8jde for, at elprisen p\u00e5 2,2 kr.\/kWh kan halveres for forbrug, der overstiger 4000 kWh grundet mulighed for reduceret elafgift, n\u00e5r boligen er registreret som elopvarmet i BBR. Nedenst\u00e5ende viser henholdsvist omkostninger pr. bolig og f\u00e6llesomkostninger.<\/p>\n\n\n\n<p>Omkostninger pr. bolig:<\/p>\n\n\n\n<ul class=\"wp-block-list\">\n<li>Hovedeftersyn af NILAN jordvarmeanl\u00e6g inkl. ventilation: 2.060 kr.<\/li>\n\n\n\n<li>\u00c5rlig omk. til el til cirkulationspumpe og vedligehold<br>(f\u00f8rste \u00e5r\/efterf\u00f8lgende \u00e5r): 2.531 kr.\/2.433 kr.<\/li>\n<\/ul>\n\n\n\n<ul class=\"wp-block-list\">\n<li>\u00c5rligt forbrug for parcelhuse: 4.400 kWh varme\/851 kWh str\u00f8m<\/li>\n\n\n\n<li>\u00c5rligt varmeforbrug for r\u00e6kkehuse: 2.700 kWh varme\/522 kWh str\u00f8m<\/li>\n\n\n\n<li>\u00c5rlig omkostning til el til varmepumpen for parcelhuse:&nbsp;&nbsp;&nbsp;&nbsp;&nbsp;&nbsp;&nbsp;&nbsp;&nbsp;&nbsp;&nbsp;&nbsp;&nbsp;&nbsp;&nbsp;&nbsp; 1872 kr.<\/li>\n\n\n\n<li>\u00c5rlig omkostning til el til varmepumpen for r\u00e6kkehuse:&nbsp;&nbsp;&nbsp;&nbsp;&nbsp;&nbsp;&nbsp;&nbsp;&nbsp;&nbsp;&nbsp;&nbsp;&nbsp;&nbsp;&nbsp;&nbsp; 1149 kr.<\/li>\n<\/ul>\n\n\n\n<p>F\u00e6llesomkostninger:<\/p>\n\n\n\n<ul class=\"wp-block-list\">\n<li>Kontrol og trykpr\u00f8vning af brinen (\u00e9ngangsudgift):&nbsp;&nbsp;&nbsp;5.000 kr.<\/li>\n\n\n\n<li>\u00c5rlig servicering af ventilerne i det f\u00e6lles net:&nbsp;&nbsp;&nbsp; 4.000 kr.<\/li>\n\n\n\n<li>\u00c5rlig omk. til el til cirkulationspumpe:&nbsp; 15.000 kr.<\/li>\n<\/ul>\n\n\n\n<p>Med den ovenfor n\u00e6vnte SCOP og elpris bliver den samlede \u00e5rlige omkostning for de enkelte husstande:<\/p>\n\n\n\n<figure class=\"wp-block-table\"><table><tbody><tr><td>&nbsp;<\/td><td><strong>F\u00f8rste \u00e5r<\/strong><\/td><td><strong>Efterf\u00f8lgende \u00e5r<\/strong><\/td><\/tr><tr><td><strong>Parcelhuse<\/strong><\/td><td>4.403 kr.<\/td><td>4.305 kr.<\/td><\/tr><tr><td><strong>R\u00e6kkehuse<\/strong><\/td><td>3.680 kr.<\/td><td>3.582 kr.<\/td><\/tr><\/tbody><\/table><\/figure>\n\n\n\n<h3 class=\"wp-block-heading\">V\u00e6sentlige erfaringer<\/h3>\n\n\n\n<ul class=\"wp-block-list\">\n<li>Termonet kan v\u00e6re en egnet l\u00f8sning, hvor alternativet er fjernvarme eller individuelle luft-til-vand varmepumper. Det aktuelle projekt i Tune var for lille og dermed urentabelt til fjernvarme, og individuelle luft-til-vand varmepumper var ikke en attraktiv l\u00f8sning grundet plads og st\u00f8j. Ved termonet er der stadig en varmepumpe i hver husstand, men den fylder mindre og st\u00f8jer ikke udend\u00f8rs, hvilket kan v\u00e6re problematisk, hvis boligerne ligger t\u00e6t, som det er tilf\u00e6ldet ved f.eks. r\u00e6kkehuse.<\/li>\n\n\n\n<li>Pumperne i varmepumperne er erstattet med reguleringsventiler, s\u00e5 den centrale pumpe alene driver brinen, hvilket er effektivt og kan give en bedre styring. L\u00f8sningen kan b\u00e5de resultere i en lavere investeringsomkostning til varmepumperne (lavere omkostning for en reguleringsventil fremfor en pumpe), og lavere driftsomkostninger til str\u00f8m (til \u00e9n pumpe fremfor str\u00f8m til et st\u00f8rre antal pumper).<\/li>\n\n\n\n<li>En mulighed kan v\u00e6re at reducere antallet af varmepumper, s\u00e5 der fx er \u00e9n varmepumpe pr. dobbelthus, eller at en r\u00e6kke huse deler \u00e9n varmepumpe. F\u00e6rre og st\u00f8rre varmepumper kan potentielt reducere de samlede investeringsomkostninger og muligvis reducere vedligeholdelsesomkostningerne. Projektet i Tune best\u00e5r netop af r\u00e6kkehuse og dobbelthuse, og udover lavere omkostninger kan f\u00e6rre varmepumper frig\u00f8re plads. Flere kvadratmeter til r\u00e5dighed vil have en v\u00e6rdi for b\u00e5de brugeren og bygherren. Hvis flere husstande skal dele en varmepumpe, vil det dog stille st\u00f8rre krav til designet af anl\u00e6gget, s\u00e5 alle behov opfyldes.<\/li>\n\n\n\n<li>Projektets fokus har v\u00e6ret p\u00e5 opvarmning af husene. K\u00f8ling kan dog overvejes til kommende projekter, da det kan give et h\u00f8jere komfortniveau for kunderne og meromkostningen vil v\u00e6re beskeden. Energim\u00e6ssigt kan k\u00f8ling indeb\u00e6re lagring af en del varme, som s\u00e5 kan udnyttes i vinterhalv\u00e5ret. Dermed vil der v\u00e6re en besparelse i driften, ligesom der vil v\u00e6re fordele i designet og for levetiden af anl\u00e6gget.<\/li>\n\n\n\n<li>Det er op til varmelauget at indg\u00e5 serviceaftale vedr\u00f8rende det f\u00e6lles anl\u00e6g, mens den enkelte husejer som udgangspunkt selv skal s\u00f8rge for en serviceaftale p\u00e5 deres varmepumpe. Det m\u00e5 forventes, at en f\u00e6lles aftale (eksempelvis via varmelauget) ogs\u00e5 for de enkelte varmepumper kan forbedre drifts\u00f8konomien.<\/li>\n<\/ul>\n","protected":false},"excerpt":{"rendered":"<p>L\u00f8sning p\u00e5 Rendebjergv\u00e6nget 51 boliger (25 r\u00e6kkehuse og 26 parcelhuse) er tilsluttet termonettet, der best\u00e5r af vandrette PE-r\u00f8r (3.600 stk., 40-125 mm.). Der er foretaget 6 lodrette jordvarmeboringer i 200 meters dybde. Hele r\u00f8rnettet er en lukket kreds, og er &hellip; <a href=\"https:\/\/rendebjergvaenget.dk\/index.php\/termonet-i-tune\/\">Continue reading <span class=\"meta-nav\">&rarr;<\/span><\/a><\/p>\n","protected":false},"author":2,"featured_media":0,"parent":0,"menu_order":0,"comment_status":"closed","ping_status":"closed","template":"","meta":{"footnotes":""},"class_list":["post-158","page","type-page","status-publish","hentry"],"_links":{"self":[{"href":"https:\/\/rendebjergvaenget.dk\/index.php\/wp-json\/wp\/v2\/pages\/158","targetHints":{"allow":["GET"]}}],"collection":[{"href":"https:\/\/rendebjergvaenget.dk\/index.php\/wp-json\/wp\/v2\/pages"}],"about":[{"href":"https:\/\/rendebjergvaenget.dk\/index.php\/wp-json\/wp\/v2\/types\/page"}],"author":[{"embeddable":true,"href":"https:\/\/rendebjergvaenget.dk\/index.php\/wp-json\/wp\/v2\/users\/2"}],"replies":[{"embeddable":true,"href":"https:\/\/rendebjergvaenget.dk\/index.php\/wp-json\/wp\/v2\/comments?post=158"}],"version-history":[{"count":2,"href":"https:\/\/rendebjergvaenget.dk\/index.php\/wp-json\/wp\/v2\/pages\/158\/revisions"}],"predecessor-version":[{"id":161,"href":"https:\/\/rendebjergvaenget.dk\/index.php\/wp-json\/wp\/v2\/pages\/158\/revisions\/161"}],"wp:attachment":[{"href":"https:\/\/rendebjergvaenget.dk\/index.php\/wp-json\/wp\/v2\/media?parent=158"}],"curies":[{"name":"wp","href":"https:\/\/api.w.org\/{rel}","templated":true}]}}